{"id":1393,"date":"2025-07-28T01:53:18","date_gmt":"2025-07-28T01:53:18","guid":{"rendered":"http:\/\/esteticaavanzadard.com\/about\/"},"modified":"2026-01-04T23:54:50","modified_gmt":"2026-01-04T23:54:50","slug":"about","status":"publish","type":"page","link":"https:\/\/esteticaavanzadard.com\/en\/about\/","title":{"rendered":"Sobre Nosotros"},"content":{"rendered":"<div class=\"wp-block-uagb-container uagb-block-a79bbcd0 alignfull uagb-is-root-container\"><div class=\"uagb-container-inner-blocks-wrap\">\n<div data-aos= \"fade-left\" data-aos-duration=\"400\" data-aos-delay=\"0\" data-aos-easing=\"ease\" data-aos-once=\"true\" class=\"wp-block-uagb-info-box uagb-block-fc99e2cd uagb-infobox__content-wrap  uagb-infobox-icon-above-title uagb-infobox-image-valign-top wp-block-uagb-info-box--has-margin\"><div class=\"uagb-infobox-margin-wrapper\"><div class=\"uagb-ifb-content\"><div class=\"uagb-ifb-title-wrap\"><h6 class=\"uagb-ifb-title-prefix\">Sobre Nosotros: Medicina Est\u00e9tica con Enfoque Humano y Profesional<\/h6><h1 class=\"uagb-ifb-title\">La est\u00e9tica es m\u00e1s que belleza: es confianza, salud y bienestar.<\/h1><\/div><\/div><\/div><\/div>\n\n\n\n<div data-aos= \"fade-right\" data-aos-duration=\"400\" data-aos-delay=\"0\" data-aos-easing=\"ease\" data-aos-once=\"true\" class=\"wp-block-uagb-container uagb-layout-grid uagb-block-1900f246 alignfull uagb-is-root-container\"><div class=\"uagb-container-inner-blocks-wrap\">\n<div data-aos= \"slide-left\" data-aos-duration=\"400\" data-aos-delay=\"0\" data-aos-easing=\"ease\" data-aos-once=\"true\" class=\"wp-block-uagb-image uagb-block-3668508b wp-block-uagb-image--layout-default wp-block-uagb-image--effect-static wp-block-uagb-image--align-none\"><figure class=\"wp-block-uagb-image__figure\"><img decoding=\"async\" srcset=\"https:\/\/esteticaavanzadard.com\/wp-content\/uploads\/2025\/08\/doctora-masajista-cosmetologa-secretaria-esteticaavanzada-1024x704.jpeg ,https:\/\/esteticaavanzadard.com\/wp-content\/uploads\/2025\/08\/doctora-masajista-cosmetologa-secretaria-esteticaavanzada-scaled.jpeg 780w, https:\/\/esteticaavanzadard.com\/wp-content\/uploads\/2025\/08\/doctora-masajista-cosmetologa-secretaria-esteticaavanzada-scaled.jpeg 360w\" sizes=\"auto, (max-width: 480px) 150px\" src=\"https:\/\/esteticaavanzadard.com\/wp-content\/uploads\/2025\/08\/doctora-masajista-cosmetologa-secretaria-esteticaavanzada-1024x704.jpeg\" alt=\"Equipo completo del Centro de Medicina Est\u00e9tica Avanzada en SantiagoDoctora, cosmet\u00f3loga, masajista y secretaria del centro de est\u00e9tica.\" class=\"uag-image-3555\" width=\"1024\" height=\"704\" title=\"doctora-masajista-cosmetologa-secretaria-esteticaavanzada\" loading=\"lazy\" role=\"img\"\/><\/figure><\/div>\n\n\n\n<div data-aos= \"fade-right\" data-aos-duration=\"400\" data-aos-delay=\"0\" data-aos-easing=\"ease\" data-aos-once=\"true\" class=\"wp-block-uagb-info-box uagb-block-25e98794 uagb-infobox__content-wrap  uagb-infobox-icon-above-title uagb-infobox-image-valign-top wp-block-uagb-info-box--has-margin\"><div class=\"uagb-infobox-margin-wrapper\"><div class=\"uagb-ifb-content\"><div class=\"uagb-ifb-title-wrap\"><h3 class=\"uagb-ifb-title\">Cuidar tu piel es una forma de autocuidado y amor propio<\/h3><\/div><p class=\"uagb-ifb-desc\">En el&nbsp;Centro de Medicina Est\u00e9tica Avanzada, queremos que cada visita sea una experiencia de cuidado y bienestar. Nuestro espacio est\u00e1 pensado para que te sientas c\u00f3moda, relajada y segura, mientras nos ocupamos de tu piel y tu cuerpo con tratamientos modernos y efectivos.<br><br>Sabemos que la est\u00e9tica no es solo verse bien: es sentirse mejor contigo misma. Por eso, nos enfocamos en escucharte, entender lo que necesitas y acompa\u00f1arte en cada paso de tu tratamiento.<br>Nuestro equipo combina experiencia, tecnolog\u00eda y un trato humano que te har\u00e1 sentir en buenas manos desde el primer momento. Aqu\u00ed, cada detalle est\u00e1 pensado para que disfrutes del proceso tanto como de los resultados.<\/p><\/div><\/div><\/div>\n<\/div><\/div>\n<\/div><\/div>\n\n\n\n<div data-aos= \"slide-left\" data-aos-duration=\"400\" data-aos-delay=\"0\" data-aos-easing=\"ease\" data-aos-once=\"true\" class=\"wp-block-uagb-container uagb-block-418d9756 alignfull uagb-is-root-container\"><div class=\"uagb-container-inner-blocks-wrap\">\n<div data-aos= \"fade-up\" data-aos-duration=\"400\" data-aos-delay=\"0\" data-aos-easing=\"ease\" data-aos-once=\"true\" class=\"wp-block-uagb-advanced-heading uagb-block-708e8f1d\"><h2 class=\"uagb-heading-text\">Dra. Carmen Rosa Guzm\u00e1n<\/h2><p class=\"uagb-desc-text\">Mi nombre es Carmen Rosa Guzm\u00e1n Rodr\u00edguez soy doctora, directora y emprendedora de Centro de Medicina Est\u00e9tica Avanza y llevo 16 a\u00f1os en la industria de la est\u00e9tica. <\/p><\/div>\n\n\n\n<div class=\"wp-block-uagb-container uagb-block-510d6004\">\n<div data-aos= \"fade-up\" data-aos-duration=\"400\" data-aos-delay=\"0\" data-aos-easing=\"ease\" data-aos-once=\"true\" class=\"wp-block-uagb-image aligncenter uagb-block-203d661f wp-block-uagb-image--layout-default wp-block-uagb-image--effect-static wp-block-uagb-image--align-center\"><figure class=\"wp-block-uagb-image__figure\"><img decoding=\"async\" srcset=\"https:\/\/esteticaavanzadard.com\/wp-content\/uploads\/2025\/08\/dra-carmen-rosa-guzman-esteticaavanzada-santiago-716x1024.jpeg ,https:\/\/esteticaavanzadard.com\/wp-content\/uploads\/2025\/08\/dra-carmen-rosa-guzman-esteticaavanzada-santiago-scaled.jpeg 780w, https:\/\/esteticaavanzadard.com\/wp-content\/uploads\/2025\/08\/dra-carmen-rosa-guzman-esteticaavanzada-santiago-scaled.jpeg 360w\" sizes=\"auto, (max-width: 480px) 150px\" src=\"https:\/\/esteticaavanzadard.com\/wp-content\/uploads\/2025\/08\/dra-carmen-rosa-guzman-esteticaavanzada-santiago-716x1024.jpeg\" alt=\"Dra. Carmen Rosa Guzm\u00e1n, directora m\u00e9dica del Centro de Medicina Est\u00e9tica Avanzada en Santiago\u201d\u201cM\u00e9dico especialista en est\u00e9tica avanzada en consulta\" class=\"uag-image-3557\" width=\"320\" height=\"440\" title=\"dra-carmen-rosa-guzman-esteticaavanzada-santiago\" loading=\"lazy\" role=\"img\"\/><\/figure><\/div>\n<\/div>\n\n\n\n<div data-aos= \"fade-up\" data-aos-duration=\"400\" data-aos-delay=\"0\" data-aos-easing=\"ease\" data-aos-once=\"true\" class=\"wp-block-uagb-container uagb-block-e77a6922\">\n<div class=\"wp-block-uagb-info-box uagb-block-895c6b7c uagb-infobox__content-wrap  uagb-infobox-icon-above-title uagb-infobox-image-valign-top\"><div class=\"uagb-ifb-content\"><div class=\"uagb-ifb-icon-wrap\"><svg xmlns=\"https:\/\/www.w3.org\/2000\/svg\" viewbox=\"0 0 448 512\"><path d=\"M96 224C84.72 224 74.05 226.3 64 229.9V224c0-35.3 28.7-64 64-64c17.67 0 32-14.33 32-32S145.7 96 128 96C57.42 96 0 153.4 0 224v96c0 53.02 42.98 96 96 96s96-42.98 96-96S149 224 96 224zM352 224c-11.28 0-21.95 2.305-32 5.879V224c0-35.3 28.7-64 64-64c17.67 0 32-14.33 32-32s-14.33-32-32-32c-70.58 0-128 57.42-128 128v96c0 53.02 42.98 96 96 96s96-42.98 96-96S405 224 352 224z\"><\/path><\/svg><\/div><div class=\"uagb-ifb-title-wrap\"><p class=\"uagb-ifb-title\">Mi prioridad es brindar resultados naturales y seguros, siempre cuidando la salud y confianza de cada paciente.<\/p><\/div><\/div><\/div>\n\n\n\n<div class=\"wp-block-uagb-info-box uagb-block-ff6bc9d7 uagb-infobox__content-wrap  uagb-infobox-icon-above-title uagb-infobox-image-valign-top\"><div class=\"uagb-ifb-content\"><div class=\"uagb-ifb-image-content\"><img decoding=\"async\" src=\"https:\/\/esteticaavanzadard.com\/wp-content\/uploads\/2022\/03\/day-care-head-of-school-signature.png\" alt=\"\" width=\"\" height=\"0\" loading=\"lazy\"\/><\/div><div class=\"uagb-ifb-title-wrap\"><h5 class=\"uagb-ifb-title\">Carmen Rosa Guzm\u00e1n<\/h5><\/div><\/div><\/div>\n<\/div>\n<\/div><\/div>\n\n\n\n<div data-aos= \"slide-right\" data-aos-duration=\"400\" data-aos-delay=\"0\" data-aos-easing=\"ease\" data-aos-once=\"true\" class=\"wp-block-uagb-container uagb-block-6795bc4b alignfull uagb-is-root-container\"><div class=\"uagb-container-inner-blocks-wrap\">\n<div class=\"wp-block-uagb-container uagb-block-ebd677c7\">\n<div class=\"wp-block-uagb-info-box uagb-block-89d2db36 uagb-infobox__content-wrap  uagb-infobox-icon-above-title uagb-infobox-image-valign-top\"><div class=\"uagb-ifb-content\"><div class=\"uagb-ifb-icon-wrap\"><svg xmlns=\"https:\/\/www.w3.org\/2000\/svg\" viewbox=\"0 0 512 512\"><path d=\"M500.3 7.251C507.7 13.33 512 22.41 512 31.1V175.1C512 202.5 483.3 223.1 447.1 223.1C412.7 223.1 383.1 202.5 383.1 175.1C383.1 149.5 412.7 127.1 447.1 127.1V71.03L351.1 90.23V207.1C351.1 234.5 323.3 255.1 287.1 255.1C252.7 255.1 223.1 234.5 223.1 207.1C223.1 181.5 252.7 159.1 287.1 159.1V63.1C287.1 48.74 298.8 35.61 313.7 32.62L473.7 .6198C483.1-1.261 492.9 1.173 500.3 7.251H500.3zM74.66 303.1L86.5 286.2C92.43 277.3 102.4 271.1 113.1 271.1H174.9C185.6 271.1 195.6 277.3 201.5 286.2L213.3 303.1H239.1C266.5 303.1 287.1 325.5 287.1 351.1V463.1C287.1 490.5 266.5 511.1 239.1 511.1H47.1C21.49 511.1-.0019 490.5-.0019 463.1V351.1C-.0019 325.5 21.49 303.1 47.1 303.1H74.66zM143.1 359.1C117.5 359.1 95.1 381.5 95.1 407.1C95.1 434.5 117.5 455.1 143.1 455.1C170.5 455.1 191.1 434.5 191.1 407.1C191.1 381.5 170.5 359.1 143.1 359.1zM440.3 367.1H496C502.7 367.1 508.6 372.1 510.1 378.4C513.3 384.6 511.6 391.7 506.5 396L378.5 508C372.9 512.1 364.6 513.3 358.6 508.9C352.6 504.6 350.3 496.6 353.3 489.7L391.7 399.1H336C329.3 399.1 323.4 395.9 321 389.6C318.7 383.4 320.4 376.3 325.5 371.1L453.5 259.1C459.1 255 467.4 254.7 473.4 259.1C479.4 263.4 481.6 271.4 478.7 278.3L440.3 367.1zM116.7 219.1L19.85 119.2C-8.112 90.26-6.614 42.31 24.85 15.34C51.82-8.137 93.26-3.642 118.2 21.83L128.2 32.32L137.7 21.83C162.7-3.642 203.6-8.137 231.6 15.34C262.6 42.31 264.1 90.26 236.1 119.2L139.7 219.1C133.2 225.6 122.7 225.6 116.7 219.1H116.7z\"><\/path><\/svg><\/div><div class=\"uagb-ifb-title-wrap\"><h4 class=\"uagb-ifb-title\">Innovaci\u00f3n<\/h4><\/div><p class=\"uagb-ifb-desc\">Integramos t\u00e9cnicas modernas y tecnolog\u00eda avanzada para garantizar tratamientos efectivos y actuales.<\/p><\/div><\/div>\n<\/div>\n\n\n\n<div class=\"wp-block-uagb-container uagb-block-f858d1f2\">\n<div class=\"wp-block-uagb-info-box uagb-block-d650850b uagb-infobox__content-wrap  uagb-infobox-icon-above-title uagb-infobox-image-valign-top\"><div class=\"uagb-ifb-content\"><div class=\"uagb-ifb-icon-wrap\"><svg xmlns=\"https:\/\/www.w3.org\/2000\/svg\" viewbox=\"0 0 576 512\"><path d=\"M275.2 250.5c7 7.375 18.5 7.375 25.5 0l108.1-114.2c31.5-33.12 29.72-88.1-5.65-118.7c-30.88-26.75-76.75-21.9-104.9 7.724L287.1 36.91L276.8 25.28C248.7-4.345 202.7-9.194 171.1 17.56C136.7 48.18 134.7 103.2 166.4 136.3L275.2 250.5zM568.2 336.3c-13.12-17.81-38.14-21.66-55.93-8.469l-119.7 88.17h-120.6c-8.748 0-15.1-7.25-15.1-15.1c0-8.746 7.25-15.1 15.1-15.1h78.25c15.1 0 30.75-10.87 33.37-26.62c3.25-19.1-12.12-37.37-31.62-37.37H191.1c-26.1 0-53.12 9.25-74.12 26.25l-46.5 37.74l-55.37-.0253c-8.748 0-15.1 7.275-15.1 16.02L.0001 496C.0001 504.8 7.251 512 15.1 512h346.1c22.03 0 43.92-7.187 61.7-20.28l135.1-99.51C577.5 379.1 581.3 354.1 568.2 336.3z\"><\/path><\/svg><\/div><div class=\"uagb-ifb-title-wrap\"><h4 class=\"uagb-ifb-title\">Respeto<\/h4><\/div><p class=\"uagb-ifb-desc\">Valoramos la individualidad de cada paciente y dise\u00f1amos planes personalizados de acuerdo con sus necesidades.<\/p><\/div><\/div>\n<\/div>\n\n\n\n<div class=\"wp-block-uagb-container uagb-block-d644becf\">\n<div class=\"wp-block-uagb-info-box uagb-block-73df4223 uagb-infobox__content-wrap  uagb-infobox-icon-above-title uagb-infobox-image-valign-top\"><div class=\"uagb-ifb-content\"><div class=\"uagb-ifb-icon-wrap\"><svg xmlns=\"https:\/\/www.w3.org\/2000\/svg\" viewbox=\"0 0 512 512\"><path d=\"M0 190.9V185.1C0 115.2 50.52 55.58 119.4 44.1C164.1 36.51 211.4 51.37 244 84.02L256 96L267.1 84.02C300.6 51.37 347 36.51 392.6 44.1C461.5 55.58 512 115.2 512 185.1V190.9C512 232.4 494.8 272.1 464.4 300.4L283.7 469.1C276.2 476.1 266.3 480 256 480C245.7 480 235.8 476.1 228.3 469.1L47.59 300.4C17.23 272.1 .0003 232.4 .0003 190.9L0 190.9z\"><\/path><\/svg><\/div><div class=\"uagb-ifb-title-wrap\"><h4 class=\"uagb-ifb-title\">Responsabilidad<\/h4><\/div><p class=\"uagb-ifb-desc\">Actuamos con compromiso m\u00e9dico, priorizando la salud y los resultados de quienes nos eligen.<\/p><\/div><\/div>\n<\/div>\n\n\n\n<div class=\"wp-block-uagb-container uagb-block-3c8d770a\">\n<div class=\"wp-block-uagb-info-box uagb-block-ece560e1 uagb-infobox__content-wrap  uagb-infobox-icon-above-title uagb-infobox-image-valign-top\"><div class=\"uagb-ifb-content\"><div class=\"uagb-ifb-icon-wrap\"><svg xmlns=\"https:\/\/www.w3.org\/2000\/svg\" viewbox=\"0 0 640 512\"><path d=\"M128 95.1c26.5 0 47.1-21.5 47.1-47.1S154.5 0 128 0S80.01 21.5 80.01 47.1S101.5 95.1 128 95.1zM511.1 95.1c26.5 0 47.1-21.5 47.1-47.1S538.5 0 511.1 0c-26.5 0-48 21.5-48 47.1S485.5 95.1 511.1 95.1zM603.5 258.3l-18.5-80.13c-4.625-20-18.62-36.88-37.5-44.88c-18.5-8-38.1-6.75-56.12 3.25c-22.62 13.38-39.62 34.5-48.12 59.38l-11.25 33.88l-15.1 10.25L415.1 144c0-8.75-7.25-16-16-16H240c-8.75 0-16 7.25-16 16L224 239.1l-16.12-10.25l-11.25-33.88c-8.375-25-25.38-46-48.12-59.38c-17.25-10-37.63-11.25-56.12-3.25c-18.88 8-32.88 24.88-37.5 44.88l-18.37 80.13c-4.625 20 .7506 41.25 14.37 56.75l67.25 75.88l10.12 92.63C130 499.8 143.8 512 160 512c1.25 0 2.25-.125 3.5-.25c17.62-1.875 30.25-17.62 28.25-35.25l-10-92.75c-1.5-13-7-25.12-15.62-35l-43.37-49l17.62-70.38l6.876 20.38c4 12.5 11.87 23.5 24.5 32.63l51 32.5c4.623 2.875 12.12 4.625 17.25 5h159.1c5.125-.375 12.62-2.125 17.25-5l51-32.5c12.62-9.125 20.5-20 24.5-32.63l6.875-20.38l17.63 70.38l-43.37 49c-8.625 9.875-14.12 22-15.62 35l-10 92.75c-2 17.62 10.75 33.38 28.25 35.25C477.7 511.9 478.7 512 479.1 512c16.12 0 29.1-12.12 31.75-28.5l10.12-92.63L589.1 315C602.7 299.5 608.1 278.3 603.5 258.3zM46.26 358.1l-44 110c-6.5 16.38 1.5 35 17.88 41.63c16.75 6.5 35.12-1.75 41.62-17.88l27.62-69.13l-2-18.25L46.26 358.1zM637.7 468.1l-43.1-110l-41.13 46.38l-2 18.25l27.62 69.13C583.2 504.4 595.2 512 607.1 512c3.998 0 7.998-.75 11.87-2.25C636.2 503.1 644.2 484.5 637.7 468.1z\"><\/path><\/svg><\/div><div class=\"uagb-ifb-title-wrap\"><h4 class=\"uagb-ifb-title\">Confianza<\/h4><\/div><p class=\"uagb-ifb-desc\">Creamos un ambiente sumamente  seguro y \u00e9tico, donde cada paciente se siente escuchado y cuidado.<\/p><\/div><\/div>\n<\/div>\n<\/div><\/div>\n\n\n\n<div class=\"wp-block-uagb-container uagb-block-67bec61e alignfull uagb-is-root-container\"><div class=\"uagb-container-inner-blocks-wrap\">\n<div data-aos= \"slide-left\" data-aos-duration=\"400\" data-aos-delay=\"0\" data-aos-easing=\"ease\" data-aos-once=\"true\" class=\"wp-block-uagb-info-box uagb-block-3441f5ca uagb-infobox__content-wrap  uagb-infobox-icon-above-title uagb-infobox-image-valign-top wp-block-uagb-info-box--has-margin\"><div class=\"uagb-infobox-margin-wrapper\"><div class=\"uagb-ifb-content\"><div class=\"uagb-ifb-title-wrap\"><h6 class=\"uagb-ifb-title-prefix\">Nuestro equipo<\/h6><h2 class=\"uagb-ifb-title\">Contamos con un grupo de profesionales apasionados:<\/h2><\/div><\/div><\/div><\/div>\n\n\n\n<div data-aos= \"slide-down\" data-aos-duration=\"400\" data-aos-delay=\"0\" data-aos-easing=\"ease\" data-aos-once=\"true\" class=\"wp-block-uagb-container uagb-block-4fab60aa\">\n<div data-aos= \"fade-left\" data-aos-duration=\"400\" data-aos-delay=\"0\" data-aos-easing=\"ease\" data-aos-once=\"true\" class=\"wp-block-uagb-info-box uagb-block-40885515 uagb-infobox__content-wrap  uagb-infobox-icon-above-title uagb-infobox-image-valign-top\"><div class=\"uagb-ifb-content\"><div class=\"uagb-ifb-image-content\"><img decoding=\"async\" src=\"https:\/\/esteticaavanzadard.com\/wp-content\/uploads\/2025\/08\/ireny-martinez-cosmetologa-esteticaavanzada-santiago-scaled.jpeg\" alt=\"Ireny Mart\u00ednez, cosmet\u00f3loga especialista en tratamientos faciales en Santiago. Cosmet\u00f3loga aplicando tratamiento facial en Centro de Medicina Est\u00e9tica Avanzada\" width=\"\" height=\"0\" loading=\"lazy\"\/><\/div><div class=\"uagb-ifb-title-wrap\"><h5 class=\"uagb-ifb-title\">Ireny Mart\u00ednez<\/h5><\/div><p class=\"uagb-ifb-desc\">Cosmet\u00f3loga<br><br>Especialista en piel y maquillaje est\u00e9tico.<\/p><\/div><\/div>\n\n\n\n<div data-aos= \"fade-left\" data-aos-duration=\"400\" data-aos-delay=\"0\" data-aos-easing=\"ease\" data-aos-once=\"true\" class=\"wp-block-uagb-info-box uagb-block-15e709de uagb-infobox__content-wrap  uagb-infobox-icon-above-title uagb-infobox-image-valign-top\"><div class=\"uagb-ifb-content\"><div class=\"uagb-ifb-image-content\"><img decoding=\"async\" src=\"https:\/\/esteticaavanzadard.com\/wp-content\/uploads\/2025\/08\/angela-guzman-masajista-esteticaavanzada-santiago-scaled.jpeg\" alt=\"\u00c1ngela Guzm\u00e1n, masajista del Centro de Medicina Est\u00e9tica Avanzada en SantiagoMasajista profesional aplicando terapia corporal en centro est\u00e9tico\" width=\"\" height=\"0\" loading=\"lazy\"\/><\/div><div class=\"uagb-ifb-title-wrap\"><h5 class=\"uagb-ifb-title\">Angela Guzm\u00e1n<\/h5><\/div><p class=\"uagb-ifb-desc\">Masajista<br><br>Especialista en t\u00e9cnicas corporales y bienestar.<\/p><\/div><\/div>\n\n\n\n<div data-aos= \"fade-left\" data-aos-duration=\"400\" data-aos-delay=\"0\" data-aos-easing=\"ease\" data-aos-once=\"true\" class=\"wp-block-uagb-info-box uagb-block-f8eb1cb3 uagb-infobox__content-wrap  uagb-infobox-icon-above-title uagb-infobox-image-valign-top\"><div class=\"uagb-ifb-content\"><div class=\"uagb-ifb-image-content\"><img decoding=\"async\" src=\"https:\/\/esteticaavanzadard.com\/wp-content\/uploads\/2025\/08\/maria-isabel-jimenez-secretaria-esteticaavanzada-santiago-scaled.jpeg\" alt=\"Mar\u00eda Isabel Jim\u00e9nez, secretaria y encargada de recepci\u00f3n en Centro de Medicina Est\u00e9tica AvanzadaAtenci\u00f3n al cliente en recepci\u00f3n del centro de est\u00e9tica en Santiago\" width=\"\" height=\"0\" loading=\"lazy\"\/><\/div><div class=\"uagb-ifb-title-wrap\"><h5 class=\"uagb-ifb-title\">Maria Isabel<\/h5><\/div><p class=\"uagb-ifb-desc\">Recepcionista<br><br>Encargada de la atenci\u00f3n al paciente y gesti\u00f3n de citas.<\/p><\/div><\/div>\n<\/div>\n<\/div><\/div>\n\n\n\n<div class=\"wp-block-uagb-container uagb-block-7a0e9114 alignfull uagb-is-root-container\"><div class=\"uagb-container-inner-blocks-wrap\">\n<div data-aos= \"slide-up\" data-aos-duration=\"400\" data-aos-delay=\"0\" data-aos-easing=\"ease\" data-aos-once=\"true\" class=\"wp-block-uagb-container uagb-layout-grid uagb-block-0c4330b5\">\n<div class=\"wp-block-uagb-advanced-heading uagb-block-e4279f8d\"><h6 class=\"uagb-heading-text\">Visi\u00f3n<\/h6><\/div>\n\n\n\n<div data-aos= \"fade-up\" data-aos-duration=\"400\" data-aos-delay=\"0\" data-aos-easing=\"ease\" data-aos-once=\"true\" class=\"wp-block-uagb-advanced-heading uagb-block-20f26bee\"><p class=\"uagb-heading-text\">Ser un centro de referencia en medicina est\u00e9tica en RD, reconocido por la innovaci\u00f3n, la excelencia profesional y el compromiso de ofrecer resultados naturales que fortalezcan la confianza y el bienestar de cada paciente.<\/p><\/div>\n<\/div>\n\n\n\n<div data-aos= \"slide-up\" data-aos-duration=\"400\" data-aos-delay=\"0\" data-aos-easing=\"ease\" data-aos-once=\"true\" class=\"wp-block-uagb-container uagb-layout-grid uagb-block-ab2e6e87\">\n<div class=\"wp-block-uagb-advanced-heading uagb-block-64cdcb49\"><h6 class=\"uagb-heading-text\">Misi\u00f3n<\/h6><\/div>\n\n\n\n<div class=\"wp-block-uagb-advanced-heading uagb-block-d1c15c28\"><p class=\"uagb-heading-text\">Brindar tratamientos est\u00e9ticos seguros y personalizados que combinen ciencia, tecnolog\u00eda y calidez humana, para realzar la belleza natural de cada paciente y contribuir a su bienestar y confianza.<\/p><\/div>\n<\/div>\n<\/div><\/div>\n\n\n\n<div data-aos= \"slide-up\" data-aos-duration=\"400\" data-aos-delay=\"0\" data-aos-easing=\"ease\" data-aos-once=\"true\" class=\"wp-block-uagb-container uagb-block-d7d1f1a1 alignfull uagb-is-root-container\"><div class=\"uagb-container-inner-blocks-wrap\">\n<div class=\"wp-block-uagb-info-box uagb-block-824f5012 uagb-infobox__content-wrap  uagb-infobox-icon-above-title uagb-infobox-image-valign-top\"><div class=\"uagb-ifb-content\"><div class=\"uagb-ifb-title-wrap\"><h1 class=\"uagb-ifb-title\">M\u00e1s que est\u00e9tica, confianza y bienestar<\/h1><\/div><p class=\"uagb-ifb-desc\"><strong>Tecnolog\u00eda y cuidado m\u00e9dico para tu belleza natural.<\/strong><\/p><div class=\"uagb-ifb-button-wrapper wp-block-button\"><a href=\"#\" class=\"uagb-infobox-cta-link wp-block-button__link\" target=\"_self\" rel=\"noopener noreferrer\" onclick=\"return false;\"><span class=\"uagb-inline-editing\">Reserva ahora<\/span><\/a><\/div><\/div><\/div>\n<\/div><\/div>\n\n\n\n<p><\/p>","protected":false},"excerpt":{"rendered":"<p>Dra. Carmen Rosa Guzm\u00e1n Mi nombre es Carmen Rosa Guzm\u00e1n Rodr\u00edguez soy doctora, directora y emprendedora de Centro de Medicina Est\u00e9tica Avanza y llevo 16 a\u00f1os en la industria de la est\u00e9tica. Visi\u00f3n Ser un centro de referencia en medicina est\u00e9tica en RD, reconocido por la innovaci\u00f3n, la excelencia profesional y el compromiso de ofrecer [&hellip;]<\/p>","protected":false},"author":1,"featured_media":0,"parent":0,"menu_order":0,"comment_status":"closed","ping_status":"closed","template":"","meta":{"_uag_custom_page_level_css":"","site-sidebar-layout":"no-sidebar","site-content-layout":"page-builder","ast-site-content-layout":"full-width-container","site-content-style":"unboxed","site-sidebar-style":"unboxed","ast-global-header-display":"","ast-banner-title-visibility":"","ast-main-header-display":"","ast-hfb-above-header-display":"","ast-hfb-below-header-display":"","ast-hfb-mobile-header-display":"","site-post-title":"disabled","ast-breadcrumbs-content":"","ast-featured-img":"disabled","footer-sml-layout":"","theme-transparent-header-meta":"enabled","adv-header-id-meta":"","stick-header-meta":"","header-above-stick-meta":"","header-main-stick-meta":"","header-below-stick-meta":"","astra-migrate-meta-layouts":"set","ast-page-background-enabled":"default","ast-page-background-meta":{"desktop":{"background-color":"var(--ast-global-color-4)","background-image":"","background-repeat":"repeat","background-position":"center center","background-size":"auto","background-attachment":"scroll","background-type":"","background-media":"","overlay-type":"","overlay-color":"","overlay-opacity":"","overlay-gradient":""},"tablet":{"background-color":"","background-image":"","background-repeat":"repeat","background-position":"center center","background-size":"auto","background-attachment":"scroll","background-type":"","background-media":"","overlay-type":"","overlay-color":"","overlay-opacity":"","overlay-gradient":""},"mobile":{"background-color":"","background-image":"","background-repeat":"repeat","background-position":"center center","background-size":"auto","background-attachment":"scroll","background-type":"","background-media":"","overlay-type":"","overlay-color":"","overlay-opacity":"","overlay-gradient":""}},"ast-content-background-meta":{"desktop":{"background-color":"var(--ast-global-color-5)","background-image":"","background-repeat":"repeat","background-position":"center center","background-size":"auto","background-attachment":"scroll","background-type":"","background-media":"","overlay-type":"","overlay-color":"","overlay-opacity":"","overlay-gradient":""},"tablet":{"background-color":"var(--ast-global-color-5)","background-image":"","background-repeat":"repeat","background-position":"center center","background-size":"auto","background-attachment":"scroll","background-type":"","background-media":"","overlay-type":"","overlay-color":"","overlay-opacity":"","overlay-gradient":""},"mobile":{"background-color":"var(--ast-global-color-5)","background-image":"","background-repeat":"repeat","background-position":"center center","background-size":"auto","background-attachment":"scroll","background-type":"","background-media":"","overlay-type":"","overlay-color":"","overlay-opacity":"","overlay-gradient":""}},"footnotes":""},"class_list":["post-1393","page","type-page","status-publish","hentry"],"aioseo_notices":[],"uagb_featured_image_src":{"full":false,"thumbnail":false,"medium":false,"medium_large":false,"large":false,"1536x1536":false,"2048x2048":false,"trp-custom-language-flag":false},"uagb_author_info":{"display_name":"evaperroneg@icloud.com","author_link":"https:\/\/esteticaavanzadard.com\/en\/author\/evaperronegicloud-com\/"},"uagb_comment_info":0,"uagb_excerpt":"Dra. Carmen Rosa Guzm\u00e1n Mi nombre es Carmen Rosa Guzm\u00e1n Rodr\u00edguez soy doctora, directora y emprendedora de Centro de Medicina Est\u00e9tica Avanza y llevo 16 a\u00f1os en la industria de la est\u00e9tica. Visi\u00f3n Ser un centro de referencia en medicina est\u00e9tica en RD, reconocido por la innovaci\u00f3n, la excelencia profesional y el compromiso de ofrecer&hellip;","_links":{"self":[{"href":"https:\/\/esteticaavanzadard.com\/en\/wp-json\/wp\/v2\/pages\/1393","targetHints":{"allow":["GET"]}}],"collection":[{"href":"https:\/\/esteticaavanzadard.com\/en\/wp-json\/wp\/v2\/pages"}],"about":[{"href":"https:\/\/esteticaavanzadard.com\/en\/wp-json\/wp\/v2\/types\/page"}],"author":[{"embeddable":true,"href":"https:\/\/esteticaavanzadard.com\/en\/wp-json\/wp\/v2\/users\/1"}],"replies":[{"embeddable":true,"href":"https:\/\/esteticaavanzadard.com\/en\/wp-json\/wp\/v2\/comments?post=1393"}],"version-history":[{"count":29,"href":"https:\/\/esteticaavanzadard.com\/en\/wp-json\/wp\/v2\/pages\/1393\/revisions"}],"predecessor-version":[{"id":3704,"href":"https:\/\/esteticaavanzadard.com\/en\/wp-json\/wp\/v2\/pages\/1393\/revisions\/3704"}],"wp:attachment":[{"href":"https:\/\/esteticaavanzadard.com\/en\/wp-json\/wp\/v2\/media?parent=1393"}],"curies":[{"name":"wp","href":"https:\/\/api.w.org\/{rel}","templated":true}]}}